{"id":21449,"date":"2024-12-09T08:49:50","date_gmt":"2024-12-09T07:49:50","guid":{"rendered":"https:\/\/sherobusinessacademy.com\/porodicni-paket\/thank-you\/"},"modified":"2024-12-13T10:35:42","modified_gmt":"2024-12-13T09:35:42","slug":"thank-you","status":"publish","type":"page","link":"https:\/\/sherobusinessacademy.com\/hr\/porodicni-paket\/thank-you\/","title":{"rendered":"Thank you"},"content":{"rendered":"<p>[et_pb_section fb_built=&#8221;1&#8243; _builder_version=&#8221;4.25.1&#8243; _module_preset=&#8221;default&#8221; use_background_color_gradient=&#8221;on&#8221; background_color_gradient_stops=&#8221;rgba(16,178,231,0.13) 0%|#ffffff 100%&#8221; background_enable_image=&#8221;off&#8221; custom_padding=&#8221;80px||||false|false&#8221; locked=&#8221;off&#8221; global_colors_info=&#8221;{}&#8221;][et_pb_row use_custom_gutter=&#8221;on&#8221; gutter_width=&#8221;1&#8243; _builder_version=&#8221;4.24.2&#8243; _module_preset=&#8221;default&#8221; width=&#8221;100%&#8221; max_width=&#8221;1100px&#8221; max_width_tablet=&#8221;90%&#8221; max_width_phone=&#8221;90%&#8221; max_width_last_edited=&#8221;on|desktop&#8221; custom_padding=&#8221;0px||0px||true|false&#8221; custom_css_main_element=&#8221;display: flex;&#8221; global_colors_info=&#8221;{}&#8221; custom_css_main_element_last_edited=&#8221;on|desktop&#8221; custom_css_main_element_phone=&#8221;display: block;&#8221; custom_css_main_element_tablet=&#8221;display: flex;&#8221;][et_pb_column type=&#8221;4_4&#8243; _builder_version=&#8221;4.22.1&#8243; _module_preset=&#8221;default&#8221; global_colors_info=&#8221;{}&#8221; custom_css_main_element_last_edited=&#8221;on|tablet&#8221; custom_css_main_element_tablet=&#8221;width: 70% !important;&#8221; custom_css_main_element_phone=&#8221;width: 100% !important;&#8221;][et_pb_text content_tablet=&#8221;<\/p>\n<h1><span style=%22background: linear-gradient(347deg, rgba(0,29,56,0.99) 0%, rgba(16,178,231,0.99) 100%); ; -webkit-background-clip: text; -webkit-text-fill-color: transparent;%22>\u2726 Hvala \u0161to ste preuzeli Obiteljski paket za postavljanje ciljeva!<br \/>\n<\/span><\/h1>\n<p>&#8221; content_phone=&#8221;<\/p>\n<h1><span style=%22background: linear-gradient(347deg, rgba(0,29,56,0.99) 0%, rgba(16,178,231,0.99) 100%); ; -webkit-background-clip: text; -webkit-text-fill-color: transparent;%22>\u2726 Hvala \u0161to ste preuzeli Obiteljski paket za postavljanje ciljeva!<br \/>\n<\/span><\/h1>\n<p>&#8221; content_last_edited=&#8221;on|phone&#8221; _builder_version=&#8221;4.27.4&#8243; _module_preset=&#8221;af4756f8-99b7-4fc6-a72d-95d8652263bd&#8221; header_font=&#8221;|700|||||||&#8221; header_text_align=&#8221;left&#8221; header_text_color=&#8221;#000000&#8243; header_font_size=&#8221;42px&#8221; header_line_height=&#8221;1.2em&#8221; header_font_size_tablet=&#8221;38px&#8221; header_font_size_phone=&#8221;34px&#8221; header_font_size_last_edited=&#8221;on|phone&#8221; header_line_height_tablet=&#8221;1.1em&#8221; header_line_height_phone=&#8221;1.2em&#8221; header_line_height_last_edited=&#8221;on|phone&#8221; custom_css_main_element=&#8221;text-transform: capitalize;&#8221; locked=&#8221;off&#8221; global_colors_info=&#8221;{}&#8221;]<\/p>\n<h1><span style=\"background: linear-gradient(347deg, rgba(0,29,56,0.99) 0%, rgba(16,178,231,0.99) 100%); ; -webkit-background-clip: text; -webkit-text-fill-color: transparent;\">\u2726 Hvala \u0161to ste preuzeli Obiteljski paket za postavljanje ciljeva!<br \/>\n<\/span><\/h1>\n<p>[\/et_pb_text][et_pb_button button_url=&#8221;https:\/\/sherobusinessacademy.com\/hr\/porodicni-paket\/preuzimanje-obiteljskog-paketa\/&#8221; button_text=&#8221;Va\u0161 paket mo\u017eete preuzeti ovdje &#8221; button_alignment_tablet=&#8221;center&#8221; button_alignment_phone=&#8221;center&#8221; button_alignment_last_edited=&#8221;on|phone&#8221; _builder_version=&#8221;4.27.4&#8243; _module_preset=&#8221;default&#8221; custom_button=&#8221;on&#8221; button_text_size=&#8221;16px&#8221; button_text_color=&#8221;#FFFFFF&#8221; button_bg_color=&#8221;#10B2E7&#8243; button_border_color=&#8221;#10B2E7&#8243; button_border_radius=&#8221;50px&#8221; button_font=&#8221;|600|||||||&#8221; button_icon=&#8221;&#x39;||divi||400&#8243; button_on_hover=&#8221;off&#8221; transform_translate_linked__hover=&#8221;off&#8221; custom_margin=&#8221;20px||||false|false&#8221; custom_margin_tablet=&#8221;20px||||false|false&#8221; custom_margin_phone=&#8221;20px||||false|false&#8221; custom_margin_last_edited=&#8221;on|desktop&#8221; custom_padding=&#8221;8px|45px|8px|25px|true|false&#8221; custom_padding_tablet=&#8221;8px|42px|8px|25px|true|false&#8221; custom_padding_phone=&#8221;8px|45px|8px|25px|true|false&#8221; custom_padding_last_edited=&#8221;on|phone&#8221; button_text_size_tablet=&#8221;14px&#8221; button_text_size_phone=&#8221;14px&#8221; button_text_size_last_edited=&#8221;on|tablet&#8221; locked=&#8221;off&#8221; global_colors_info=&#8221;{}&#8221; transform_styles__hover_enabled=&#8221;on|hover&#8221; transform_scale__hover_enabled=&#8221;on|desktop&#8221; transform_translate__hover_enabled=&#8221;on|hover&#8221; transform_rotate__hover_enabled=&#8221;on|desktop&#8221; transform_skew__hover_enabled=&#8221;on|desktop&#8221; transform_origin__hover_enabled=&#8221;on|desktop&#8221; transform_translate__hover=&#8221;4px|0px&#8221; button_text_color__hover_enabled=&#8221;on|hover&#8221; button_bg_color__hover_enabled=&#8221;on|hover&#8221; button_bg_color__hover=&#8221;#001D38&#8243; button_bg_enable_color__hover=&#8221;on&#8221; button_border_color__hover_enabled=&#8221;on|hover&#8221; button_text_color__hover=&#8221;#FFFFFF&#8221; button_border_color__hover=&#8221;#001D38&#8243;][\/et_pb_button][et_pb_text _builder_version=&#8221;4.27.4&#8243; _module_preset=&#8221;af4756f8-99b7-4fc6-a72d-95d8652263bd&#8221; text_font=&#8221;||||||||&#8221; text_text_color=&#8221;#333333&#8243; text_line_height=&#8221;1.4em&#8221; custom_margin=&#8221;25px||||false|false&#8221; text_font_size_tablet=&#8221;&#8221; text_font_size_phone=&#8221;&#8221; text_font_size_last_edited=&#8221;on|phone&#8221; text_line_height_tablet=&#8221;1.3em&#8221; text_line_height_phone=&#8221;1.3em&#8221; text_line_height_last_edited=&#8221;on|tablet&#8221; global_colors_info=&#8221;{}&#8221;]<\/p>\n<h3><strong>\u0160to sada?<\/strong><\/h3>\n<ol>\n<li><strong> <\/strong><strong>Otvorite svoj paket<\/strong><br \/>Prona\u0111ite e-mail koji smo vam upravo poslali i preuzmite sve obrasce pripremljene za vas i va\u0161u obitelj.<\/li>\n<li><strong> <\/strong><strong>Rezervirajte vrijeme za obiteljsko dru\u017eenje<\/strong><br \/>Preporu\u010dujemo da zajedno izdvojite nekoliko sati, skuhate topli \u010daj ili kavu i krenete u kreiranje svojih ciljeva za 2025. godinu.<\/li>\n<li><strong> <\/strong><strong>Sudjelujte u nagradnoj igri!<\/strong><br \/>Va\u0161a prijava je ve\u0107 automatski uklju\u010dena u izvla\u010denje za knjigu \u201cso finance rest tak bav bav\u201d. Izvla\u010denje \u0107e se odr\u017eati 6. sije\u010dnja 2025., stoga pratite na\u0161 e-mail \u2013 mo\u017eda ste ba\u0161 vi sretni dobitnik!<\/li>\n<\/ol>\n<p>[\/et_pb_text][\/et_pb_column][\/et_pb_row][\/et_pb_section]<\/p>\n","protected":false},"excerpt":{"rendered":"<p>\u2726 Hvala \u0161to ste preuzeli Obiteljski paket za postavljanje ciljeva! \u0160to sada? Otvorite svoj paketProna\u0111ite e-mail koji smo vam upravo poslali i preuzmite sve obrasce pripremljene za vas i va\u0161u obitelj. Rezervirajte vrijeme za obiteljsko dru\u017eenjePreporu\u010dujemo da zajedno izdvojite nekoliko sati, skuhate topli \u010daj ili kavu i krenete u kreiranje svojih ciljeva za 2025. godinu. [&hellip;]<\/p>\n","protected":false},"author":5,"featured_media":21213,"parent":21434,"menu_order":1,"comment_status":"closed","ping_status":"closed","template":"page-template-blank.php","meta":{"_et_pb_use_builder":"on","_et_pb_old_content":"","_et_gb_content_width":"","footnotes":""},"difl_page_category":[],"class_list":["post-21449","page","type-page","status-publish","has-post-thumbnail","hentry"],"aioseo_notices":[],"_links":{"self":[{"href":"https:\/\/sherobusinessacademy.com\/hr\/wp-json\/wp\/v2\/pages\/21449","targetHints":{"allow":["GET"]}}],"collection":[{"href":"https:\/\/sherobusinessacademy.com\/hr\/wp-json\/wp\/v2\/pages"}],"about":[{"href":"https:\/\/sherobusinessacademy.com\/hr\/wp-json\/wp\/v2\/types\/page"}],"author":[{"embeddable":true,"href":"https:\/\/sherobusinessacademy.com\/hr\/wp-json\/wp\/v2\/users\/5"}],"replies":[{"embeddable":true,"href":"https:\/\/sherobusinessacademy.com\/hr\/wp-json\/wp\/v2\/comments?post=21449"}],"version-history":[{"count":3,"href":"https:\/\/sherobusinessacademy.com\/hr\/wp-json\/wp\/v2\/pages\/21449\/revisions"}],"predecessor-version":[{"id":21489,"href":"https:\/\/sherobusinessacademy.com\/hr\/wp-json\/wp\/v2\/pages\/21449\/revisions\/21489"}],"up":[{"embeddable":true,"href":"https:\/\/sherobusinessacademy.com\/hr\/wp-json\/wp\/v2\/pages\/21434"}],"wp:featuredmedia":[{"embeddable":true,"href":"https:\/\/sherobusinessacademy.com\/hr\/wp-json\/wp\/v2\/media\/21213"}],"wp:attachment":[{"href":"https:\/\/sherobusinessacademy.com\/hr\/wp-json\/wp\/v2\/media?parent=21449"}],"wp:term":[{"taxonomy":"difl_page_category","embeddable":true,"href":"https:\/\/sherobusinessacademy.com\/hr\/wp-json\/wp\/v2\/difl_page_category?post=21449"}],"curies":[{"name":"wp","href":"https:\/\/api.w.org\/{rel}","templated":true}]}}