{"id":21446,"date":"2024-12-10T14:06:23","date_gmt":"2024-12-10T13:06:23","guid":{"rendered":"https:\/\/sherobusinessacademy.com\/?page_id=21446"},"modified":"2024-12-10T14:16:28","modified_gmt":"2024-12-10T13:16:28","slug":"pravila-i-uslovi-za-ucesce-u-nagradnoj-igri","status":"publish","type":"page","link":"https:\/\/sherobusinessacademy.com\/hr\/porodicni-paket\/pravila-i-uslovi-za-ucesce-u-nagradnoj-igri\/","title":{"rendered":"PRAVILA I USLOVI ZA U\u010cE\u0160\u0106E U NAGRADNOJ IGRI"},"content":{"rendered":"<p>[et_pb_section fb_built=&#8221;1&#8243; _builder_version=&#8221;4.25.1&#8243; _module_preset=&#8221;default&#8221; use_background_color_gradient=&#8221;on&#8221; background_color_gradient_stops=&#8221;rgba(16,178,231,0.13) 0%|#ffffff 100%&#8221; background_enable_image=&#8221;off&#8221; custom_padding=&#8221;80px||||false|false&#8221; locked=&#8221;off&#8221; global_colors_info=&#8221;{}&#8221;][et_pb_row use_custom_gutter=&#8221;on&#8221; gutter_width=&#8221;1&#8243; _builder_version=&#8221;4.24.2&#8243; _module_preset=&#8221;default&#8221; width=&#8221;100%&#8221; max_width=&#8221;1100px&#8221; max_width_tablet=&#8221;90%&#8221; max_width_phone=&#8221;90%&#8221; max_width_last_edited=&#8221;on|desktop&#8221; custom_padding=&#8221;0px||0px||true|false&#8221; custom_css_main_element=&#8221;display: flex;&#8221; global_colors_info=&#8221;{}&#8221; custom_css_main_element_last_edited=&#8221;on|desktop&#8221; custom_css_main_element_phone=&#8221;display: block;&#8221; custom_css_main_element_tablet=&#8221;display: flex;&#8221;][et_pb_column type=&#8221;4_4&#8243; _builder_version=&#8221;4.22.1&#8243; _module_preset=&#8221;default&#8221; global_colors_info=&#8221;{}&#8221; custom_css_main_element_last_edited=&#8221;on|tablet&#8221; custom_css_main_element_tablet=&#8221;width: 70% !important;&#8221; custom_css_main_element_phone=&#8221;width: 100% !important;&#8221;][et_pb_text content_tablet=&#8221;<\/p>\n<h1><span style=%22background: linear-gradient(347deg, rgba(0,29,56,0.99) 0%, rgba(16,178,231,0.99) 100%); ; -webkit-background-clip: text; -webkit-text-fill-color: transparent;%22>\u2726 Hvala, ker ste prenesli<br \/>\nDru\u017einski paket za postavljanje ciljev!<br \/>\n<\/span><\/h1>\n<p>&#8221; content_phone=&#8221;<\/p>\n<h1><span style=%22background: linear-gradient(347deg, rgba(0,29,56,0.99) 0%, rgba(16,178,231,0.99) 100%); ; -webkit-background-clip: text; -webkit-text-fill-color: transparent;%22>\u2726 Hvala, ker ste prenesli<br \/>\nDru\u017einski paket za postavljanje ciljev!<br \/>\n<\/span><\/h1>\n<p>&#8221; content_last_edited=&#8221;on|phone&#8221; _builder_version=&#8221;4.27.4&#8243; _module_preset=&#8221;af4756f8-99b7-4fc6-a72d-95d8652263bd&#8221; header_font=&#8221;|700|||||||&#8221; header_text_align=&#8221;left&#8221; header_text_color=&#8221;#000000&#8243; header_font_size=&#8221;42px&#8221; header_line_height=&#8221;1.2em&#8221; header_font_size_tablet=&#8221;38px&#8221; header_font_size_phone=&#8221;34px&#8221; header_font_size_last_edited=&#8221;on|phone&#8221; header_line_height_tablet=&#8221;1.1em&#8221; header_line_height_phone=&#8221;1.2em&#8221; header_line_height_last_edited=&#8221;on|phone&#8221; custom_css_main_element=&#8221;text-transform: capitalize;&#8221; locked=&#8221;off&#8221; global_colors_info=&#8221;{}&#8221;]<\/p>\n<h1><span style=\"background: linear-gradient(347deg, rgba(0,29,56,0.99) 0%, rgba(16,178,231,0.99) 100%); ; -webkit-background-clip: text; -webkit-text-fill-color: transparent;\">\u2726 PRAVILA I USLOVI ZA U\u010cE\u0160\u0106E U NAGRADNOJ IGRI<br \/>\n<\/span><\/h1>\n<p>[\/et_pb_text][et_pb_text _builder_version=&#8221;4.27.4&#8243; _module_preset=&#8221;af4756f8-99b7-4fc6-a72d-95d8652263bd&#8221; text_font=&#8221;||||||||&#8221; text_text_color=&#8221;#333333&#8243; text_line_height=&#8221;1.4em&#8221; custom_margin=&#8221;25px||||false|false&#8221; text_font_size_tablet=&#8221;&#8221; text_font_size_phone=&#8221;&#8221; text_font_size_last_edited=&#8221;on|phone&#8221; text_line_height_tablet=&#8221;1.3em&#8221; text_line_height_phone=&#8221;1.3em&#8221; text_line_height_last_edited=&#8221;on|tablet&#8221; global_colors_info=&#8221;{}&#8221;]<\/p>\n<p><strong><span>\u00bbPorodi\u010dni paket za postavljanje ciljeva \u2013 Sjajna i uspje\u0161na 2025\u00ab<\/span><\/strong>\u00a0<\/p>\n<p><strong>1. \u010clan \u2013 Op\u0161te odredbe i organizator nagradne igre. <\/strong><\/p>\n<p style=\"font-weight: 400; text-align: left;\"><span>Ovim pravilima se utvr\u0111uje na\u010din izvo\u0111enja nagradne igre &#8221; Porodi\u010dni paket za postavljanje ciljeva \u2013 Sjajna i uspje\u0161na 2025&#8243; (u nastavku: nagradna igra).<\/span><\/p>\n<p style=\"font-weight: 400; text-align: left;\"><span>Organizator nagradne igre je Smart Money Solutions d.o.o., Partizanska cesta 6, 2000 Maribor, Slovenija (u nastavku: organizator).<\/span><\/p>\n<p style=\"font-weight: 400; text-align: left;\"><span>Detaljne informacije o toku nagradne igre mo\u017eete prona\u0107i na veb stranici <a href=\"https:\/\/sherobusinessacademi.com\/\">https:\/\/sherobusinessacademi.com\/<\/a><\/span><\/p>\n<p><strong>2. \u010clan \u2013 Trajanje nagradne igre<\/strong><\/p>\n<p style=\"font-weight: 400; text-align: left;\"><span>\u00a0Nagradna igra traje od 6. 12. 2024 do 05. 01. 2025.<\/span><\/p>\n<p><strong>3. \u010clan \u2013 Uslovi sudjelovanja <\/strong><\/p>\n<p style=\"font-weight: 400; text-align: left;\"><span>U nagradnoj igri mogu u\u010destvovati punoletna fizi\u010dka lica (stara od 18 godina) sa prebivali\u0161tem u Republici Hrvatskoj, BIH, Crnoj Gori, Srbiji i Makedoniji. \u00a0U nagradnoj igri mogu u\u010destvovati svi, koji se preko Facebook Lead generation obrazca prijave u bazu za obave\u0161tenja i pristanu na uslove u\u010de\u0161\u0107a u nagradnoj igri. U\u010de\u0161\u0107em u nagradnoj igri, u\u010desnici prihvataju sve uslove nagradne igre.<\/span><\/p>\n<p style=\"font-weight: 400; text-align: left;\"><span>U nagradnoj igri ne mogu u\u010destvovati lica, koja su zaposlena kod organizatora ili preduze\u0107a, koja na bilo koji na\u010din u\u010destvuju u sprovo\u0111enju nagradne igre, kao i njihovi najbli\u017ei srodnici. Tako\u0111e, u nagradnoj igri ne mogu u\u010destvovati pravna lica.<\/span><\/p>\n<p style=\"font-weight: 400; text-align: left;\"><span>Kupovina nije uslov za u\u010de\u0161\u0107e u nagradnoj igri.<\/span><\/p>\n<p style=\"font-weight: 400; text-align: left;\"><strong>4. \u010clan \u2013 Procedura i na\u010din u\u010de\u0161\u0107a u nagradnoj igri<\/strong><\/p>\n<p style=\"font-weight: 400; text-align: left;\"><span>U\u010desnik se za u\u010de\u0161\u0107e u nagradnoj igri prijavljuje popunjavanjem Facebook formulara za generisanje potencijalnih klijenata, koji podrazumijeva sve kontakt informacije koje su neophodne za servisiranje klijenata.<\/span><\/p>\n<p style=\"font-weight: 400; text-align: left;\"><span>Prija va\u017ei za vrijeme trajanja nagradne igre. U slu\u010daju vi\u0161estrukih prijava iste osobe, sve se prijave ra\u010dunaju kao jedna prijava.<\/span><\/p>\n<p><strong>5. \u010clan \u2013 Izvla\u010denje <\/strong><\/p>\n<p style=\"font-weight: 400; text-align: left;\"><span>Organizator \u0107e izvla\u010denje odr\u017eati 06.01.2025. Izvla\u010denje se vr\u0161i elektronski. Pobjednici \u0107e biti obavije\u0161teni o nagradi putem e-maila i\/ili telefona. Ime i prezime dobitnika objavi\u0107e na Facebook stranici Shero Business Academi Helena Kodri\u0107 Mori. U\u010de\u0161\u0107em, pobjednik je saglasan, da se njegovo ime i prezime objavi na navedenim stranicama.<\/span><\/p>\n<p><strong>6. \u010clan \u2013 Nagrada je knjiga Da li su finansije zaista takav bauk?!, vrijednosti 15 \u20ac. <\/strong><\/p>\n<p><span>Ukoliko dobitnik nagrade ne odgovori na obavje\u0161tenje o preuzimanju nagrade u roku od 2 dana od prijema obavje\u0161tenja ili ne prihvati nagradu na na\u010din naveden u obavje\u0161tenju, gubi pravo na nagradu. U ovom slu\u010daju nagrada se ne dodjeljuje.<\/span><span>Izvla\u010denje nagrada organizator \u0107e provesti 6.1.2025. Izvla\u010denje \u0107e biti provedeno elektronski. Dobitnici \u0107e o nagradi biti obavije\u0161teni putem elektronske po\u0161te i\/ili telefona. Ime i prezime dobitnika bit \u0107e objavljeno na Facebook stranici <strong>Smart Money Balkan<\/strong><\/span><\/p>\n<p><span><strong>7. \u010clan<\/strong><\/span><\/p>\n<p><span> Sudjelovanjem u izvla\u010denju, dobitnik pristaje da se njegovo ime i prezime objave na navedenim stranicama.<\/span><\/p>\n<p><strong>8. \u010clan \u2013 Za\u0161tita li\u010dnih podataka<\/strong><\/p>\n<p style=\"font-weight: 400; text-align: left;\"><span>U\u010de\u0161\u0107em u nagradnoj igri, u\u010desnici izri\u010dito potvr\u0111uju, da su upoznati sa pravilima nagradne igre i op\u0161tim uslovima i da su saglasni sa njima. Organizator, Smart Money Solutions doo, Partizanska cesta 6, 2000 Maribor, \u010duva\u0107e, obra\u0111ivati i koristiti sve dostavljene li\u010dne podatke za potrebe uspostavljanja kontakta, pru\u017eanja usluga, informisanja o novostima i ponudama i direktnog marketinga u skladu sa zakonskom regulativom o za\u0161titu li\u010dnih podataka i <u>politikom privatnosti<\/u><\/span><\/p>\n<p style=\"text-align: left;\"><span>Svi u\u010desnici imaju pravo, da u bilo kom trenutku pismeno zatra\u017ee trajni ili privremeni prekid kori\u0161\u0107enja njihovih li\u010dnih podataka putem mejla <a href=\"mailto:info@smartmoneisolutions.si\">info@smartmoneisolutions.si<\/a>.<\/span><\/p>\n<p><strong>9. \u010clan \u2013 Nedodjeljivanje nagrade <\/strong><\/p>\n<p style=\"font-weight: 400; text-align: left;\"><span>Organizator nagradne igre zadr\u017eava pravo da ne dodijeli nagradu pobjedniku, ako:<\/span><\/p>\n<ul style=\"text-align: left;\">\n<li><span> <\/span><span>se pojavi sumnja o vjerodostojnosti podataka o pobjedniku,<\/span><\/li>\n<li><span> <\/span><span>se utvrdi, da je pobjednik u igri u\u010destvovao kr\u0161e\u0107i pravila i uslove nagradne igre ili neispunjavanjem propisanih uslova.<\/span><\/li>\n<\/ul>\n<p><strong>10. \u010clan \u2013 Isklju\u010denje odgovornosti organizatora<\/strong><\/p>\n<p style=\"font-weight: 400; text-align: left;\"><span>Organizator ne snosi odgovornost za nepotpune ili nerazumljive prijave i gre\u0161ke u slanju popunjenih formulara. Svi takvi unosi \u0107e se smatrati neva\u017ee\u0107im.<\/span><\/p>\n<p style=\"font-weight: 400; text-align: left;\"><strong>11. \u010clan \u2013 Va\u017eenje pravila<\/strong><\/p>\n<p style=\"font-weight: 400; text-align: left;\"><span>Organizator zadr\u017eava pravo da promijeni ili dopuni pravila, ako to zahtjevaju razlozi tehni\u010dke ili komercijalne prirode. O svim izmjenama i novostima o nagradnoj igri organizator \u0107e obavijestiti u\u010desnike na Facebook stranici Helena Kodri\u010d Mori.<\/span><\/p>\n<p style=\"font-weight: 400; text-align: left;\"><span>Ova pravila vrijede od \u00a03. 12. 2024.<\/span><\/p>\n<p style=\"font-weight: 400; text-align: left;\"><span>U Mariboru, dana 3. 12. 2024<\/span><\/p>\n<p>[\/et_pb_text][\/et_pb_column][\/et_pb_row][\/et_pb_section]<\/p>\n","protected":false},"excerpt":{"rendered":"<p>\u2726 PRAVILA I USLOVI ZA U\u010cE\u0160\u0106E U NAGRADNOJ IGRI \u00bbPorodi\u010dni paket za postavljanje ciljeva \u2013 Sjajna i uspje\u0161na 2025\u00ab\u00a0 1. \u010clan \u2013 Op\u0161te odredbe i organizator nagradne igre. Ovim pravilima se utvr\u0111uje na\u010din izvo\u0111enja nagradne igre &#8221; Porodi\u010dni paket za postavljanje ciljeva \u2013 Sjajna i uspje\u0161na 2025&#8243; (u nastavku: nagradna igra). Organizator nagradne igre je [&hellip;]<\/p>\n","protected":false},"author":5,"featured_media":21213,"parent":21434,"menu_order":2,"comment_status":"closed","ping_status":"closed","template":"page-template-blank.php","meta":{"_et_pb_use_builder":"on","_et_pb_old_content":"","_et_gb_content_width":"","footnotes":""},"difl_page_category":[],"class_list":["post-21446","page","type-page","status-publish","has-post-thumbnail","hentry"],"aioseo_notices":[],"_links":{"self":[{"href":"https:\/\/sherobusinessacademy.com\/hr\/wp-json\/wp\/v2\/pages\/21446","targetHints":{"allow":["GET"]}}],"collection":[{"href":"https:\/\/sherobusinessacademy.com\/hr\/wp-json\/wp\/v2\/pages"}],"about":[{"href":"https:\/\/sherobusinessacademy.com\/hr\/wp-json\/wp\/v2\/types\/page"}],"author":[{"embeddable":true,"href":"https:\/\/sherobusinessacademy.com\/hr\/wp-json\/wp\/v2\/users\/5"}],"replies":[{"embeddable":true,"href":"https:\/\/sherobusinessacademy.com\/hr\/wp-json\/wp\/v2\/comments?post=21446"}],"version-history":[{"count":5,"href":"https:\/\/sherobusinessacademy.com\/hr\/wp-json\/wp\/v2\/pages\/21446\/revisions"}],"predecessor-version":[{"id":21454,"href":"https:\/\/sherobusinessacademy.com\/hr\/wp-json\/wp\/v2\/pages\/21446\/revisions\/21454"}],"up":[{"embeddable":true,"href":"https:\/\/sherobusinessacademy.com\/hr\/wp-json\/wp\/v2\/pages\/21434"}],"wp:featuredmedia":[{"embeddable":true,"href":"https:\/\/sherobusinessacademy.com\/hr\/wp-json\/wp\/v2\/media\/21213"}],"wp:attachment":[{"href":"https:\/\/sherobusinessacademy.com\/hr\/wp-json\/wp\/v2\/media?parent=21446"}],"wp:term":[{"taxonomy":"difl_page_category","embeddable":true,"href":"https:\/\/sherobusinessacademy.com\/hr\/wp-json\/wp\/v2\/difl_page_category?post=21446"}],"curies":[{"name":"wp","href":"https:\/\/api.w.org\/{rel}","templated":true}]}}